{"id":6991,"date":"2020-06-30T13:14:02","date_gmt":"2020-06-30T16:14:02","guid":{"rendered":"https:\/\/ieslvf-caba.infd.edu.ar\/sitio\/?page_id=6991"},"modified":"2021-10-23T12:16:22","modified_gmt":"2021-10-23T15:16:22","slug":"esi","status":"publish","type":"page","link":"https:\/\/ieslvf-caba.infd.edu.ar\/sitio\/esi\/","title":{"rendered":"ESI"},"content":{"rendered":"\n<div class=\"wp-block-cover alignwide has-background-dim-20 has-background-dim is-position-center-center\" style=\"min-height:100px\"><img decoding=\"async\" loading=\"lazy\" width=\"1000\" height=\"667\" class=\"wp-block-cover__image-background wp-image-10571\" alt=\"\" src=\"https:\/\/ieslvf-caba.infd.edu.ar\/sitio\/wp-content\/uploads\/2021\/09\/books-on-school-desk-in-class.jpg\" style=\"object-position:40% 26%\" data-object-fit=\"cover\" data-object-position=\"40% 26%\" srcset=\"https:\/\/ieslvf-caba.infd.edu.ar\/sitio\/wp-content\/uploads\/2021\/09\/books-on-school-desk-in-class.jpg 1000w, https:\/\/ieslvf-caba.infd.edu.ar\/sitio\/wp-content\/uploads\/2021\/09\/books-on-school-desk-in-class-768x512.jpg 768w\" sizes=\"(max-width: 1000px) 100vw, 1000px\" \/><div class=\"wp-block-cover__inner-container\">\n<p class=\"has-text-align-center has-text-color\" style=\"color:#fffffa;font-size:40px;line-height:1.1\"><strong>Jornadas ESI <\/strong><\/p>\n<\/div><\/div>\n\n\n<h4>\u00a0<\/h4>\n<h4 style=\"text-align: center;\"><span style=\"color: #000080;\">Jornadas ESI en el IESLVJRF<\/span><\/h4>\n<p style=\"text-align: center;\"><strong>Semana de la ESI 2021<\/strong><\/p>\n<p style=\"text-align: center;\">Semana del 25 al 29 de octubre. Programa de actividades <a href=\"https:\/\/ieslvf-caba.infd.edu.ar\/sitio\/wp-content\/uploads\/2021\/10\/Programa-Jornada-ESI-25-29-de-octubre-2021.pdf\" target=\"_blank\" rel=\"noopener\">aqu\u00ed<\/a><\/p>\n<p dir=\"ltr\" style=\"text-align: center;\"><strong>1era. Jornada ESI 2021<\/strong><\/p>\n<p dir=\"ltr\" style=\"text-align: center;\"><strong>Lenguaje No Binario.\u00a0Hacia la construcci\u00f3n de la herramienta institucional para su uso<\/strong><\/p>\n<div dir=\"ltr\" align=\"left\">\n<table><colgroup> <col width=\"144\" \/> <col width=\"456\" \/><\/colgroup>\n<tbody>\n<tr>\n<td>\n<p dir=\"ltr\">Fecha:<\/p>\n<\/td>\n<td>\n<p dir=\"ltr\">16\/6\/2021<\/p>\n<\/td>\n<\/tr>\n<tr>\n<td>\n<p dir=\"ltr\">Horario:<\/p>\n<\/td>\n<td>\n<p dir=\"ltr\">18 a 20 horas<\/p>\n<\/td>\n<\/tr>\n<tr>\n<td>\n<p dir=\"ltr\">Modalidad virtual<\/p>\n<\/td>\n<td>\n<p dir=\"ltr\">Inscripci\u00f3n previa de asistentes al siguiente <a href=\"https:\/\/docs.google.com\/forms\/d\/e\/1FAIpQLSc-zcD-ZYuBvSiUAKASQgBQyIxP34mJgL_qEcQFvV4Art1I4A\/viewform\" target=\"_blank\" rel=\"noopener\">formulario inscripci\u00f3n Jornadas ESI<\/a><\/p>\n<\/td>\n<\/tr>\n<tr>\n<td>\u00a0<\/td>\n<td>\u00a0<\/td>\n<\/tr>\n<\/tbody>\n<\/table>\n<\/div>\n<p dir=\"ltr\"><strong>Presentaci\u00f3n de la propuesta\u00a0<\/strong><\/p>\n<p dir=\"ltr\">Esta primera Jornada ESI propone, encontrarnos de manera remota para: recuperar emergentes, producciones y acuerdos institucionales que constituyen antecedentes, a partir de los cuales, poder pensar de manera colectiva una herramienta institucional relacionada con el Lenguaje No Binario.<\/p>\n<p dir=\"ltr\">Dicha construcci\u00f3n implica un proceso tan complejo como necesario. En efecto, la consideraci\u00f3n de la lengua como expresi\u00f3n cultural atravesada por tensiones, las luchas por los derechos sexuales, la consagraci\u00f3n de los mismos a nivel legal y el avance de otras instituciones en la materia, nos convocan a un debate que, como instituci\u00f3n formadora relacionada con el uso del lenguaje y la docencia, no podemos obviar.<\/p>\n<p dir=\"ltr\">Asimismo, nuestra instituci\u00f3n ya tiene cierto recorrido realizado en torno al Lenguaje No Binario. Por un lado, reconociendo en las pr\u00e1cticas \u00e1ulicas cotidianas lo que lo que propone el MInisterio de Educaci\u00f3n (ver, por ejemplo, Gu\u00eda para una comunicaci\u00f3n con perspectiva de g\u00e9nero)\u00a0 . Por otro, problematizando el tema en la Revista\u00a0 del Lenguas Vivas N\u00ba 14; 15\u00a0 y 16; secci\u00f3n\u00a0 \u201cEn Debate: Lenguaje inclusivo\u201d. Desde el N\u00ba 14 se permite el uso del lenguaje no binario\/inclusivo por parte de los colaboradores hacia los autores.<\/p>\n<p dir=\"ltr\">Desde estos recorridos, y considerando las reflexiones acerca de los v\u00ednculos docentes-estudiantes abordados en la Jornada ESI de septiembre de 2020, invitamos a recuperar el debate considerando los siguientes t\u00f3picos y preguntas orientadoras:<\/p>\n<ul>\n<li dir=\"ltr\">\n<p dir=\"ltr\">\u00bfQu\u00e9 entendemos por \u201cviolencia\u201d cuando pensamos en los v\u00ednculos pedag\u00f3gicos?<\/p>\n<\/li>\n<li dir=\"ltr\">\n<p dir=\"ltr\">\u00bfPodemos repensar c\u00f3mo las violencias con manifestaciones menos expl\u00edcitas\u00a0 en el \u00e1mbito educativo a modo de \u201cguiones invisibles\u201d,\u00a0 operan naturalizando el sentido com\u00fan y organizando las pr\u00e1cticas pedag\u00f3gicas?<\/p>\n<\/li>\n<li dir=\"ltr\">\n<p dir=\"ltr\">\u00bfC\u00f3mo analizar en las pr\u00e1cticas educativas, a partir del aporte democratizante de la ESI, las violencias impl\u00edcitas y la falta de relaciones de igualdad entre g\u00e9neros?<\/p>\n<\/li>\n<li dir=\"ltr\">\n<p dir=\"ltr\">\u00bfC\u00f3mo y qu\u00e9 podr\u00edamos proponer como alternativas para que, lo que frecuentemente es justificado como \u201cporque siempre fue as\u00ed\u201d, deje de ser un criterio aceptable en nuestra comunidad?.\u00a0 En este caso, \u00bfc\u00f3mo y cu\u00e1les ser\u00edan las alternativas?<\/p>\n<\/li>\n<li dir=\"ltr\">\n<p dir=\"ltr\">\u00bfC\u00f3mo el lenguaje inclusivo ofrece recursos de f\u00e1cil aplicaci\u00f3n que permiten superar pr\u00e1cticas discriminatorias, visibilizando a las mujeres y otras identidades en nuestro \u00e1mbito institucional?<\/p>\n<\/li>\n<\/ul>\n<div dir=\"ltr\" align=\"left\">\n<table><colgroup> <col width=\"547\" \/><\/colgroup>\n<tbody>\n<tr>\n<td>\n<p dir=\"ltr\"><strong>Los objetivos que orientar\u00e1n el desarrollo de las Jornadas ESI 2021, son:<\/strong><\/p>\n<ol>\n<li dir=\"ltr\">\n<p dir=\"ltr\">Promover el uso del lenguaje No Binario en las comunicaciones institucionales e interinsticionales.<\/p>\n<\/li>\n<li dir=\"ltr\">\n<p dir=\"ltr\">Contribuir a transversalizar la perspectiva de g\u00e9nero en nuestras pr\u00e1cticas educativas y comunicaciones cotidianas para visibilizar a las mujeres y otras identidades.<\/p>\n<\/li>\n<li dir=\"ltr\">\n<p dir=\"ltr\">Proveer estrategias, herramientas y recursos ling\u00fc\u00edsticos para impulsar la visibilizaci\u00f3n, las relaciones de igualdad y respeto mutuo.<\/p>\n<\/li>\n<li dir=\"ltr\">\n<p dir=\"ltr\">Ofrecer una herramienta documental que brinde orientaciones para las pr\u00e1cticas comunicacionales inclusivas.<\/p>\n<\/li>\n<\/ol>\n<\/td>\n<\/tr>\n<\/tbody>\n<\/table>\n<\/div>\n<div dir=\"ltr\" align=\"left\">\n<table><colgroup> <col \/><\/colgroup>\n<tbody>\n<tr>\n<td>\n<p dir=\"ltr\"><strong>Actividad previa al encuentro para proponer a los asistentes.\u00a0<\/strong><\/p>\n<p dir=\"ltr\">Les proponemos escuchar la siguiente <a href=\"https:\/\/youtu.be\/ONOiCzn4CnA\" target=\"_blank\" rel=\"noopener noreferrer\" data-saferedirecturl=\"https:\/\/www.google.com\/url?q=https:\/\/youtu.be\/ONOiCzn4CnA&amp;source=gmail&amp;ust=1623777733556000&amp;usg=AFQjCNE6bx-0SGO0MaBk1g72-O7lqbVR2g\">entrevista a la Lic. Valeria Sardi, <\/a>autora del libro \u201c ESI y lenguaje inclusivo\u201d (2020) Buenos Aires: Planeta.<\/p>\n<p dir=\"ltr\">\u00a0Esta entrevista difunde algunas ideas que informan sobre el estado del debate del Lenguaje inclusivo.<\/p>\n<\/td>\n<\/tr>\n<\/tbody>\n<\/table>\n<\/div>\n<div class=\"yj6qo\"><hr \/><\/div>\n<div class=\"gmail_default adL\">\u00a0<\/div>\n<h4 style=\"text-align: center;\"><span style=\"color: #000080;\">Rese\u00f1as de las jornadas ESI en el IESLVJRF<\/span><\/h4>\n<p><a href=\"https:\/\/ieslvf-caba.infd.edu.ar\/sitio\/wp-content\/uploads\/2020\/06\/Rese\u00f1a-de-encuentro-Jornada-ESI-24-de-junio-de-2020-F-MH.docx\" target=\"_blank\" rel=\"noopener\"><b>Rese\u00f1a del encuentro de la Jornada ESI del Nivel Terciario &#8211; 24 de junio de 2020<\/b><\/a><\/p>\n<p><a href=\"https:\/\/ieslvf-caba.infd.edu.ar\/sitio\/wp-content\/uploads\/2020\/09\/Rese\u00f1a-de-encuentro-Jornada-ESI-17-de-septiembre-de-2020-.pdf\" target=\"_blank\" rel=\"noopener\"><strong>Rese\u00f1a del encuentro de la Jornada ESI del Nivel Terciario \u2013 17 de septiembre\u00a0de 2020<\/strong><\/a><\/p>","protected":false},"excerpt":{"rendered":"<p>\u00a0 Jornadas ESI en el IESLVJRF Semana de la ESI 2021 Semana del 25 al 29 de octubre. Programa de actividades aqu\u00ed 1era. Jornada ESI 2021 Lenguaje No Binario.\u00a0Hacia la construcci\u00f3n de la herramienta institucional para su uso Fecha: 16\/6\/2021 Horario: 18 a 20 horas Modalidad virtual Inscripci\u00f3n previa de asistentes al siguiente formulario inscripci\u00f3n &#8230; <a title=\"ESI\" class=\"read-more\" href=\"https:\/\/ieslvf-caba.infd.edu.ar\/sitio\/esi\/\" aria-label=\"More on ESI\">[+]<\/a><\/p>\n","protected":false},"author":2415,"featured_media":0,"parent":0,"menu_order":0,"comment_status":"closed","ping_status":"closed","template":"","meta":[],"acf":[],"_links":{"self":[{"href":"https:\/\/ieslvf-caba.infd.edu.ar\/sitio\/wp-json\/wp\/v2\/pages\/6991"}],"collection":[{"href":"https:\/\/ieslvf-caba.infd.edu.ar\/sitio\/wp-json\/wp\/v2\/pages"}],"about":[{"href":"https:\/\/ieslvf-caba.infd.edu.ar\/sitio\/wp-json\/wp\/v2\/types\/page"}],"author":[{"embeddable":true,"href":"https:\/\/ieslvf-caba.infd.edu.ar\/sitio\/wp-json\/wp\/v2\/users\/2415"}],"replies":[{"embeddable":true,"href":"https:\/\/ieslvf-caba.infd.edu.ar\/sitio\/wp-json\/wp\/v2\/comments?post=6991"}],"version-history":[{"count":11,"href":"https:\/\/ieslvf-caba.infd.edu.ar\/sitio\/wp-json\/wp\/v2\/pages\/6991\/revisions"}],"predecessor-version":[{"id":11129,"href":"https:\/\/ieslvf-caba.infd.edu.ar\/sitio\/wp-json\/wp\/v2\/pages\/6991\/revisions\/11129"}],"wp:attachment":[{"href":"https:\/\/ieslvf-caba.infd.edu.ar\/sitio\/wp-json\/wp\/v2\/media?parent=6991"}],"curies":[{"name":"wp","href":"https:\/\/api.w.org\/{rel}","templated":true}]}}