{"id":9959,"date":"2021-09-15T15:54:48","date_gmt":"2021-09-15T18:54:48","guid":{"rendered":"https:\/\/ieslvf-caba.infd.edu.ar\/sitio\/?page_id=9959"},"modified":"2025-11-11T16:35:33","modified_gmt":"2025-11-11T19:35:33","slug":"informacion-general-nivel-primario","status":"publish","type":"page","link":"https:\/\/ieslvf-caba.infd.edu.ar\/sitio\/informacion-general-nivel-primario\/","title":{"rendered":"Informaci\u00f3n general &#8211; Nivel Primario 2021"},"content":{"rendered":"\n<div class=\"wp-block-cover alignwide is-light is-position-center-center\" style=\"min-height:100px\" id=\"primario\"><span aria-hidden=\"true\" class=\"wp-block-cover__background has-background-dim-20 has-background-dim\"><\/span><img decoding=\"async\" loading=\"lazy\" width=\"1000\" height=\"667\" class=\"wp-block-cover__image-background wp-image-10566\" alt=\"\" src=\"https:\/\/ieslvf-caba.infd.edu.ar\/sitio\/wp-content\/uploads\/2021\/09\/book-with-green-board-background.jpg\" style=\"object-position:38% 46%\" data-object-fit=\"cover\" data-object-position=\"38% 46%\" srcset=\"https:\/\/ieslvf-caba.infd.edu.ar\/sitio\/wp-content\/uploads\/2021\/09\/book-with-green-board-background.jpg 1000w, https:\/\/ieslvf-caba.infd.edu.ar\/sitio\/wp-content\/uploads\/2021\/09\/book-with-green-board-background-768x512.jpg 768w\" sizes=\"(max-width: 1000px) 100vw, 1000px\" \/><div class=\"wp-block-cover__inner-container\">\n<p class=\"has-text-align-center has-text-color\" id=\"primario\" style=\"color:#fffffa;font-size:40px;line-height:1.1\"><strong>Informaci\u00f3n General &#8211; Nivel Primario<\/strong><\/p>\n<\/div><\/div>\n\n\n\n<p>La Escuela Primaria naci\u00f3 como parte del De\u00adpartamento de Aplicaci\u00f3n del Instituto del Profesorado en Lenguas Vivas y desarrolla cada tarde su actividad, en jornadas de cuatro horas y media (jornada simple)&nbsp;en el horario de 13:30 a 17:40. Nuestra escuela es intensificada en la ense\u00f1anza de los idiomas franc\u00e9s e ingl\u00e9s.&nbsp;<\/p>\n\n\n\n<p><strong>\u00bfPor qu\u00e9 es una escuela con intensificaci\u00f3n en idioma?<\/strong><\/p>\n\n\n\n<p>En nuestro instituto los alumnos tienen idioma extranjero desde primer grado, con una carga horaria de 5 hs. semanales. Por cada secci\u00f3n, se conforman dos grupos (la mitad de los alumnos de ingl\u00e9s y la otra mitad de franc\u00e9s). La intensificaci\u00f3n, por tanto, se define por la carga horaria y por la modalidad de trabajo en grupos reducidos. Asimismo, cada idioma cuenta con una coordinadora que sigue las trayectorias escolares de nuestros alumnos y trabaja en articulaci\u00f3n entre los distintos grados y niveles.<\/p>\n\n\n\n<p><strong>\u00bfEl instituto dicta cursos de idioma para ni\u00f1os?<\/strong><\/p>\n\n\n\n<p>No. Nuestro instituto no cuenta con cursos de ingl\u00e9s para ni\u00f1os sino para adultos.<\/p>\n\n\n\n<p><\/p>\n\n\n\n<p><\/p>\n\n\n<div class=\"wp-block-image\">\n<figure class=\"alignleft is-resized\"><img decoding=\"async\" loading=\"lazy\" src=\"https:\/\/ieslvf-caba.infd.edu.ar\/sitio\/wp-content\/uploads\/2018\/09\/mail.png\" alt=\"\" class=\"wp-image-3066\" width=\"120\" height=\"60\" srcset=\"https:\/\/ieslvf-caba.infd.edu.ar\/sitio\/wp-content\/uploads\/2018\/09\/mail.png 960w, https:\/\/ieslvf-caba.infd.edu.ar\/sitio\/wp-content\/uploads\/2018\/09\/mail-768x384.png 768w\" sizes=\"(max-width: 120px) 100vw, 120px\" \/><\/figure><\/div>\n\n\n<p><\/p>\n\n\n\n<p><\/p>\n\n\n\n<p><strong>V\u00edas de contacto:<\/strong><\/p>\n\n\n\n<p><strong>Tel\u00e9fono: 4322-3992 \/ 3998 int. 122 \u2013&nbsp;Horario: lunes a viernes de 13.45 a 17.00 hs.<\/strong><\/p>\n\n\n\n<p><strong>Mail:&nbsp;<\/strong><a href=\"https:\/\/ieslvf-caba.infd.edu.ar\/sitio\/nivel-primario\/ieslvjrf.nivelprimario@bue.edu.ar\"><strong>ieslvjrf.nivelprimario@bue.edu.ar<\/strong><\/a>&nbsp;<\/p>\n\n\n\n<p><\/p>\n\n\n<div class=\"wp-block-image\">\n<figure class=\"alignleft is-resized\"><a href=\"https:\/\/ieslvf-caba.infd.edu.ar\/sitio\/inscripcion\/\"><img decoding=\"async\" loading=\"lazy\" src=\"https:\/\/ieslvf-caba.infd.edu.ar\/sitio\/wp-content\/uploads\/2018\/09\/Inscripci%C3%B2n.png\" alt=\"\" class=\"wp-image-3118\" width=\"250\" height=\"250\"\/><\/a><\/figure><\/div>\n\n<div class=\"wp-block-image\">\n<figure class=\"alignleft is-resized\"><a href=\"https:\/\/lenguasvivasprimario.blogspot.com\/\"><img decoding=\"async\" loading=\"lazy\" src=\"https:\/\/ieslvf-caba.infd.edu.ar\/sitio\/wp-content\/uploads\/2018\/09\/Blog.png\" alt=\"\" class=\"wp-image-3116\" width=\"250\" height=\"250\"\/><\/a><\/figure><\/div>\n\n<div class=\"wp-block-image\">\n<figure class=\"alignleft is-resized\"><a href=\"http:\/\/cor.to\/coopelvjrf\"><img decoding=\"async\" loading=\"lazy\" src=\"https:\/\/ieslvf-caba.infd.edu.ar\/sitio\/wp-content\/uploads\/2018\/09\/Blog-1.png\" alt=\"\" class=\"wp-image-3122\" width=\"250\" height=\"250\"\/><\/a><\/figure><\/div>\n\n<div class=\"wp-block-image\">\n<figure class=\"aligncenter is-resized\"><a href=\"http:\/\/www.la-cueva-de-las-letras.blogspot.com.ar\/\"><img decoding=\"async\" loading=\"lazy\" src=\"https:\/\/ieslvf-caba.infd.edu.ar\/sitio\/wp-content\/uploads\/2018\/10\/La-cueva-500x500.png\" alt=\"\" class=\"wp-image-3208\" width=\"250\" height=\"250\" srcset=\"https:\/\/ieslvf-caba.infd.edu.ar\/sitio\/wp-content\/uploads\/2018\/10\/La-cueva-500x500.png 500w, https:\/\/ieslvf-caba.infd.edu.ar\/sitio\/wp-content\/uploads\/2018\/10\/La-cueva-1000x1000.png 1000w, https:\/\/ieslvf-caba.infd.edu.ar\/sitio\/wp-content\/uploads\/2018\/10\/La-cueva-768x768.png 768w, https:\/\/ieslvf-caba.infd.edu.ar\/sitio\/wp-content\/uploads\/2018\/10\/La-cueva.png 1080w\" sizes=\"(max-width: 250px) 100vw, 250px\" \/><\/a><\/figure><\/div>","protected":false},"excerpt":{"rendered":"<p>La Escuela Primaria naci\u00f3 como parte del De\u00adpartamento de Aplicaci\u00f3n del Instituto del Profesorado en Lenguas Vivas y desarrolla cada tarde su actividad, en jornadas de cuatro horas y media (jornada simple)&nbsp;en el horario de 13:30 a 17:40. Nuestra escuela es intensificada en la ense\u00f1anza de los idiomas franc\u00e9s e ingl\u00e9s.&nbsp; \u00bfPor qu\u00e9 es una &#8230; <a title=\"Informaci\u00f3n general &#8211; Nivel Primario 2021\" class=\"read-more\" href=\"https:\/\/ieslvf-caba.infd.edu.ar\/sitio\/informacion-general-nivel-primario\/\" aria-label=\"More on Informaci\u00f3n general &#8211; Nivel Primario 2021\">[+]<\/a><\/p>\n","protected":false},"author":2900,"featured_media":0,"parent":0,"menu_order":0,"comment_status":"closed","ping_status":"closed","template":"","meta":[],"acf":[],"_links":{"self":[{"href":"https:\/\/ieslvf-caba.infd.edu.ar\/sitio\/wp-json\/wp\/v2\/pages\/9959"}],"collection":[{"href":"https:\/\/ieslvf-caba.infd.edu.ar\/sitio\/wp-json\/wp\/v2\/pages"}],"about":[{"href":"https:\/\/ieslvf-caba.infd.edu.ar\/sitio\/wp-json\/wp\/v2\/types\/page"}],"author":[{"embeddable":true,"href":"https:\/\/ieslvf-caba.infd.edu.ar\/sitio\/wp-json\/wp\/v2\/users\/2900"}],"replies":[{"embeddable":true,"href":"https:\/\/ieslvf-caba.infd.edu.ar\/sitio\/wp-json\/wp\/v2\/comments?post=9959"}],"version-history":[{"count":15,"href":"https:\/\/ieslvf-caba.infd.edu.ar\/sitio\/wp-json\/wp\/v2\/pages\/9959\/revisions"}],"predecessor-version":[{"id":20799,"href":"https:\/\/ieslvf-caba.infd.edu.ar\/sitio\/wp-json\/wp\/v2\/pages\/9959\/revisions\/20799"}],"wp:attachment":[{"href":"https:\/\/ieslvf-caba.infd.edu.ar\/sitio\/wp-json\/wp\/v2\/media?parent=9959"}],"curies":[{"name":"wp","href":"https:\/\/api.w.org\/{rel}","templated":true}]}}