{"id":9966,"date":"2021-09-15T16:11:36","date_gmt":"2021-09-15T19:11:36","guid":{"rendered":"https:\/\/ieslvf-caba.infd.edu.ar\/sitio\/?page_id=9966"},"modified":"2021-10-27T15:30:20","modified_gmt":"2021-10-27T18:30:20","slug":"informacion-general-nivel-medio","status":"publish","type":"page","link":"https:\/\/ieslvf-caba.infd.edu.ar\/sitio\/informacion-general-nivel-medio\/","title":{"rendered":"Informaci\u00f3n general &#8211; Nivel Medio 2021"},"content":{"rendered":"\n<div class=\"wp-block-cover alignwide has-background-dim-20 has-background-dim is-position-center-center\" style=\"min-height:100px\"><img decoding=\"async\" loading=\"lazy\" width=\"640\" height=\"480\" class=\"wp-block-cover__image-background wp-image-10171\" alt=\"\" src=\"https:\/\/ieslvf-caba.infd.edu.ar\/sitio\/wp-content\/uploads\/2021\/09\/edificio-nuevo-pg-1.jpg\" style=\"object-position:53% 94%\" data-object-fit=\"cover\" data-object-position=\"53% 94%\"\/><div class=\"wp-block-cover__inner-container\">\n<p class=\"has-text-align-center has-text-color\" style=\"color:#fffffa;font-size:40px;line-height:1.1\"><strong>Informaci\u00f3n general &#8211; Nivel Medio<\/strong><\/p>\n<\/div><\/div>\n\n\n\n<p><\/p>\n\n\n\n<h1 class=\"wp-block-heading\">Nivel Medio<\/h1>\n\n\n\n<p><\/p>\n\n\n\n<p>El Nivel Medio naci\u00f3 como parte del De\u00adpartamento de Aplicaci\u00f3n del Instituto del Profesorado en Lenguas Vivas y desarrolla su actividad en el horario de 7.30 a 13.40 h. En contraturno, los alumnos asisten a las clases de Educaci\u00f3n F\u00edsica y tienen la posibilidad de participar en diversos talleres.<\/p>\n\n\n\n<p>La educaci\u00f3n que los alumnos reciben en esta instan\u00adcia se encuentra fuertemente articulada con la especifi\u00adcidad del Instituto: la formaci\u00f3n en lenguas ex\u00adtranjeras. El programa de estudios tiene, en este sentido, una carga horaria relevante: desde primer a\u00f1o, los alumnos tienen cinco horas semanales de la primera lengua extranjera \u2013la que aprenden desde el primer grado de la escuela primaria y que puede ser franc\u00e9s o ingl\u00e9s- y desde 4\u00ba a\u00f1o&nbsp;cinco horas semanales de una segunda lengua, que puede ser alem\u00e1n, franc\u00e9s, ingl\u00e9s o portugu\u00e9s. Los alumnos que se grad\u00faan con un promedio igual o mayor a 8 (ocho) en los dos \u00faltimos a\u00f1os en la primera lengua ingresan directamente a nuestras carreras del Nivel Superior y deben rendir \u00fanicamente el examen de espa\u00f1ol si desean cursar el&nbsp;Traductorado.<\/p>\n\n\n\n<p>\u201cEl Nivel Medio del IES en Lenguas Vivas \u201cJuan Ram\u00f3n Fern\u00e1ndez\u201d, la ENS en Lenguas Vivas N\u00ba1 \u201cRoque S\u00e1enz Pe\u00f1a\u201d y la ENS en Lenguas Vivas \u201cSof\u00eda B. de Spangerberg\u201d son las \u00fanicas instituciones de gesti\u00f3n estatal que ofrecen Educaci\u00f3n Biling\u00fce e Intensificaci\u00f3n en Lengua Adicional con competencias en una Lengua Adicional. En este \u00faltimo caso los alumnos de nuestra escuela y de la ENS N\u00ba 1 tambi\u00e9n podr\u00e1n acceder a cursar el Bachillerato Internacional.<\/p>\n\n\n\n<p><strong>C\u00f3mo se organiza la secci\u00f3n biling\u00fce en primer a\u00f1o:<\/strong><\/p>\n\n\n\n<p>Los alumnos cursar\u00e1n en jornada completa. Tendr\u00e1n las mismas asignaturas del Ciclo B\u00e1sico de todos los Bachilleratos de la CABA considerando que por ser Lenguas Vivas tendr\u00e1n 7 horas de Lengua Adicional&nbsp; Ingl\u00e9s &nbsp;en lugar de 4. &nbsp;Como el Biling\u00fcismo se cursa en ingl\u00e9s, los alumnos tendr\u00e1n una carga horaria adicional en esta lengua de:<\/p>\n\n\n\n<ul><li>Discursos est\u00e9ticos: 3 horas<\/li><li>Espacio de Integraci\u00f3n Curricular (EDIC): 3 horas<\/li><li>TIC en ingl\u00e9s: 2 horas<\/li><li>Materia curricular biling\u00fce: 4 horas. En primer a\u00f1o ser\u00e1 Historia.<\/li><\/ul>\n\n\n\n<p>Se agrega tambi\u00e9n una Segunda Lengua Adicional, Franc\u00e9s, de 7 horas c\u00e1tedra.<\/p>\n\n\n\n<p>En el ciclo superior (5\u00b0 a\u00f1o), los alumnos pueden elegir entre las siguientes orientaciones:<\/p>\n\n\n\n<ul><li>Bachillerato especializado en Lenguas Vivas con intensificaci\u00f3n en Idioma Extranjero<\/li><li>Bachillerato especializado en Ciencias F\u00edsico-Matem\u00e1ticas con intensificaci\u00f3n en Idioma Extranjero<\/li><\/ul>\n\n\n\n<p>&nbsp;Mail de contacto:&nbsp;<a href=\"mailto:ieslvjrf_nmdireccion@bue.edu.ar\" target=\"_blank\" rel=\"noreferrer noopener\">ieslvjrf_nmdireccion@bue.edu.ar<\/a><\/p>\n\n\n\n<div class=\"wp-block-image\"><figure class=\"aligncenter is-resized\"><img decoding=\"async\" loading=\"lazy\" src=\"https:\/\/ieslvf-caba.infd.edu.ar\/sitio\/wp-content\/uploads\/2018\/08\/edificio_nuevo_1.jpg\" alt=\"Edificio nuevo con globos\" width=\"640\" height=\"480\" title=\"Edificio nuevo con globos\"\/><\/figure><\/div>\n","protected":false},"excerpt":{"rendered":"<p>Nivel Medio El Nivel Medio naci\u00f3 como parte del De\u00adpartamento de Aplicaci\u00f3n del Instituto del Profesorado en Lenguas Vivas y desarrolla su actividad en el horario de 7.30 a 13.40 h. En contraturno, los alumnos asisten a las clases de Educaci\u00f3n F\u00edsica y tienen la posibilidad de participar en diversos talleres. La educaci\u00f3n que los &#8230; <a title=\"Informaci\u00f3n general &#8211; Nivel Medio 2021\" class=\"read-more\" href=\"https:\/\/ieslvf-caba.infd.edu.ar\/sitio\/informacion-general-nivel-medio\/\" aria-label=\"More on Informaci\u00f3n general &#8211; Nivel Medio 2021\">[+]<\/a><\/p>\n","protected":false},"author":4,"featured_media":0,"parent":0,"menu_order":0,"comment_status":"closed","ping_status":"closed","template":"","meta":[],"acf":[],"_links":{"self":[{"href":"https:\/\/ieslvf-caba.infd.edu.ar\/sitio\/wp-json\/wp\/v2\/pages\/9966"}],"collection":[{"href":"https:\/\/ieslvf-caba.infd.edu.ar\/sitio\/wp-json\/wp\/v2\/pages"}],"about":[{"href":"https:\/\/ieslvf-caba.infd.edu.ar\/sitio\/wp-json\/wp\/v2\/types\/page"}],"author":[{"embeddable":true,"href":"https:\/\/ieslvf-caba.infd.edu.ar\/sitio\/wp-json\/wp\/v2\/users\/4"}],"replies":[{"embeddable":true,"href":"https:\/\/ieslvf-caba.infd.edu.ar\/sitio\/wp-json\/wp\/v2\/comments?post=9966"}],"version-history":[{"count":3,"href":"https:\/\/ieslvf-caba.infd.edu.ar\/sitio\/wp-json\/wp\/v2\/pages\/9966\/revisions"}],"predecessor-version":[{"id":10578,"href":"https:\/\/ieslvf-caba.infd.edu.ar\/sitio\/wp-json\/wp\/v2\/pages\/9966\/revisions\/10578"}],"wp:attachment":[{"href":"https:\/\/ieslvf-caba.infd.edu.ar\/sitio\/wp-json\/wp\/v2\/media?parent=9966"}],"curies":[{"name":"wp","href":"https:\/\/api.w.org\/{rel}","templated":true}]}}